{"id":7288,"date":"2026-03-20T13:26:23","date_gmt":"2026-03-20T12:26:23","guid":{"rendered":"https:\/\/igorsimko.sk\/?page_id=7288"},"modified":"2026-03-24T14:41:48","modified_gmt":"2026-03-24T13:41:48","slug":"adatvedelmi-iranyelvek","status":"publish","type":"page","link":"https:\/\/igorsimko.sk\/hu\/adatvedelmi-iranyelvek\/?lang=hu","title":{"rendered":"Adatv\u00e9delmi ir\u00e1nyelvek"},"content":{"rendered":"<h2 class=\"wp-block-heading\">Kik vagyunk<\/h2>\n\n<p><strong class=\"privacy-policy-tutorial\">Javasolt sz\u00f6veg: <\/strong>Weboldalunk c\u00edme: http:\/\/igorsimko.sk.<\/p>\n\n<h2 class=\"wp-block-heading\">Hozz\u00e1sz\u00f3l\u00e1sok<\/h2>\n\n<p><strong class=\"privacy-policy-tutorial\">Javasolt sz\u00f6veg: <\/strong>Amikor a webhely l\u00e1togat\u00f3i hozz\u00e1sz\u00f3l\u00e1st hagynak az oldalon, \u00f6sszegy\u0171jtj\u00fck a hozz\u00e1sz\u00f3l\u00e1si \u0171rlapon megjelen\u00edtett adatokat, tov\u00e1bb\u00e1 a felhaszn\u00e1l\u00f3 IP-c\u00edm\u00e9t \u00e9s a b\u00f6ng\u00e9sz\u0151 User Agent azonos\u00edt\u00f3j\u00e1t a spam elleni v\u00e9delem \u00e9rdek\u00e9ben.<\/p>\n\n<p>Az \u00d6n e-mail-c\u00edm\u00e9b\u0151l l\u00e9trehozott anonimiz\u00e1lt karakterl\u00e1nc (m\u00e1s n\u00e9ven hash) \u00e1tadhat\u00f3 a Gravatar szolg\u00e1ltat\u00e1snak annak ellen\u0151rz\u00e9s\u00e9re, hogy haszn\u00e1lja-e azt. A Gravatar szolg\u00e1ltat\u00e1s adatv\u00e9delmi ir\u00e1nyelvei itt tal\u00e1lhat\u00f3k: https:\/\/automattic.com\/privacy\/. A hozz\u00e1sz\u00f3l\u00e1s j\u00f3v\u00e1hagy\u00e1s\u00e1t k\u00f6vet\u0151en a profilk\u00e9pe nyilv\u00e1nosan megjelenik a hozz\u00e1sz\u00f3l\u00e1sa tartalm\u00e1val egy\u00fctt. <\/p>\n\n<h2 class=\"wp-block-heading\">M\u00e9dia<\/h2>\n\n<p><strong class=\"privacy-policy-tutorial\">Javasolt sz\u00f6veg: <\/strong>A weboldalra t\u00f6rt\u00e9n\u0151 k\u00e9pfelt\u00f6lt\u00e9skor ker\u00fclje az EXIF GPS helyadatokat tartalmaz\u00f3 k\u00e9pek felt\u00f6lt\u00e9s\u00e9t. A webhely l\u00e1togat\u00f3i let\u00f6lthetik \u00e9s megtekinthetik a k\u00e9pekben tal\u00e1lhat\u00f3 b\u00e1rmely helyadatot. <\/p>\n\n<h2 class=\"wp-block-heading\">S\u00fctik<\/h2>\n\n<p><strong class=\"privacy-policy-tutorial\">Javasolt sz\u00f6veg: <\/strong>Ha hozz\u00e1sz\u00f3l\u00e1st ad hozz\u00e1 az oldalunkon, hozz\u00e1j\u00e1rulhat ahhoz, hogy a neve, e-mail-c\u00edme \u00e9s weboldala s\u00fctikben t\u00e1rol\u00e1sra ker\u00fclj\u00f6n. Ez az \u00d6n k\u00e9nyelm\u00e9t szolg\u00e1lja, hogy ne kelljen \u00fajra megadnia adatait egy \u00fajabb hozz\u00e1sz\u00f3l\u00e1s \u00edr\u00e1sakor. Ezek a s\u00fctik egy \u00e9vig \u00e9rv\u00e9nyesek.  <\/p>\n\n<p>Ha felkeresi a bejelentkez\u00e9si oldalunkat, ideiglenes s\u00fctiket helyez\u00fcnk el annak meg\u00e1llap\u00edt\u00e1s\u00e1ra, hogy a b\u00f6ng\u00e9sz\u0151je elfogadja-e a s\u00fctiket. Ezek a s\u00fctik nem tartalmaznak szem\u00e9lyes adatokat, \u00e9s a b\u00f6ng\u00e9sz\u0151 bez\u00e1r\u00e1sakor t\u00f6rl\u0151dnek. <\/p>\n\n<p>Bejelentkez\u00e9skor t\u00f6bb s\u00fctit \u00e1ll\u00edtunk be a bejelentkez\u00e9si adatok \u00e9s a megjelen\u00edt\u00e9si be\u00e1ll\u00edt\u00e1sok ment\u00e9s\u00e9hez. A bejelentkez\u00e9si s\u00fctik k\u00e9t napig, a megjelen\u00edt\u00e9si be\u00e1ll\u00edt\u00e1sok pedig egy \u00e9vig \u00e9rv\u00e9nyesek. Ha a \u201eMegjegyz\u00e9s\u201d lehet\u0151s\u00e9get v\u00e1lasztja, a bejelentkez\u00e9se k\u00e9t h\u00e9tig \u00e9rv\u00e9nyes marad. A fi\u00f3kb\u00f3l val\u00f3 kijelentkez\u00e9skor a s\u00fctik t\u00f6rl\u0151dnek.    <\/p>\n\n<p>Egy bejegyz\u00e9s szerkeszt\u00e9se vagy k\u00f6zz\u00e9t\u00e9telekor tov\u00e1bbi s\u00fctik ker\u00fclnek t\u00e1rol\u00e1sra a b\u00f6ng\u00e9sz\u0151j\u00e9ben. Ezek a s\u00fctik nem tartalmaznak szem\u00e9lyes adatokat, \u00e9s kiz\u00e1r\u00f3lag az \u00d6n \u00e1ltal szerkesztett bejegyz\u00e9s azonos\u00edt\u00f3j\u00e1ra (ID) hivatkoznak. A s\u00fctik 1 napig \u00e9rv\u00e9nyesek.  <\/p>\n\n<h2 class=\"wp-block-heading\">Be\u00e1gyazott tartalom m\u00e1s weboldalakr\u00f3l<\/h2>\n\n<p><strong class=\"privacy-policy-tutorial\">Javasolt sz\u00f6veg: <\/strong>Az ezen a weboldalon tal\u00e1lhat\u00f3 cikkek tartalmazhatnak be\u00e1gyazott tartalmat (pl. vide\u00f3kat, k\u00e9peket, cikkeket stb.). M\u00e1s weboldalakr\u00f3l sz\u00e1rmaz\u00f3 be\u00e1gyazott tartalom ugyan\u00fagy viselkedik, mintha a l\u00e1togat\u00f3 egy m\u00e1sik weboldalt keresett volna fel.  <\/p>\n\n<p>Ezek a weboldalak szem\u00e9lyes adatokat gy\u0171jthetnek \u00d6nr\u0151l, s\u00fctiket haszn\u00e1lhatnak, harmadik f\u00e9lt\u0151l sz\u00e1rmaz\u00f3 k\u00f6vet\u00e9st \u00e1gyazhatnak be, \u00e9s figyelemmel k\u00eds\u00e9rhetik az \u00d6n interakci\u00f3j\u00e1t a be\u00e1gyazott tartalommal, bele\u00e9rtve a be\u00e1gyazott tartalommal val\u00f3 interakci\u00f3 k\u00f6vet\u00e9s\u00e9t is, ha az adott weboldalon fi\u00f3kkal rendelkezik \u00e9s be van jelentkezve. <\/p>\n\n<h2 class=\"wp-block-heading\">Kivel osztjuk meg az adatait<\/h2>\n\n<p><strong class=\"privacy-policy-tutorial\">Javasolt sz\u00f6veg: <\/strong>Ha jelsz\u00f3-vissza\u00e1ll\u00edt\u00e1st k\u00e9r, az IP-c\u00edme szerepelni fog a jelsz\u00f3-vissza\u00e1ll\u00edt\u00e1shoz k\u00fcld\u00f6tt e-mailben.<\/p>\n\n<h2 class=\"wp-block-heading\">Mennyi ideig \u0151rizz\u00fck meg az adatait<\/h2>\n\n<p><strong class=\"privacy-policy-tutorial\">Javasolt sz\u00f6veg: <\/strong>Hozz\u00e1sz\u00f3l\u00e1s hozz\u00e1ad\u00e1sakor a hozz\u00e1sz\u00f3l\u00e1s \u00e9s annak metaadatai k\u00fcl\u00f6n ker\u00fclnek meg\u0151rz\u00e9sre. Ennek k\u00f6sz\u00f6nhet\u0151en automatikusan felismerhetj\u00fck \u00e9s j\u00f3v\u00e1hagyhatjuk a kapcsol\u00f3d\u00f3 hozz\u00e1sz\u00f3l\u00e1sokat an\u00e9lk\u00fcl, hogy moder\u00e1l\u00e1sra vissza kellene tartani \u0151ket. <\/p>\n\n<p>Azokn\u00e1l a felhaszn\u00e1l\u00f3kn\u00e1l, akik regisztr\u00e1lnak a weboldalainkon (ha vannak ilyenek), a megadott szem\u00e9lyes adatokat a felhaszn\u00e1l\u00f3i profiljukban is t\u00e1roljuk. Minden felhaszn\u00e1l\u00f3 b\u00e1rmikor megtekintheti, szerkesztheti vagy t\u00f6r\u00f6lheti szem\u00e9lyes adatait (a felhaszn\u00e1l\u00f3n\u00e9v megv\u00e1ltoztat\u00e1sa kiv\u00e9tel\u00e9vel). A weboldal adminisztr\u00e1torai szint\u00e9n megtekinthetik \u00e9s szerkeszthetik ezeket az inform\u00e1ci\u00f3kat.  <\/p>\n\n<h2 class=\"wp-block-heading\">Milyen jogai vannak az adataival kapcsolatban<\/h2>\n\n<p><strong class=\"privacy-policy-tutorial\">Javasolt sz\u00f6veg: <\/strong>Ha ezen a weboldalon fi\u00f3kkal rendelkezik, vagy hozz\u00e1sz\u00f3l\u00e1st adott hozz\u00e1, k\u00e9rheti az \u00d6nr\u0151l t\u00e1rolt szem\u00e9lyes adatok export\u00e1l\u00e1s\u00e1t, bele\u00e9rtve azokat az adatokat is, amelyeket \u00d6n bocs\u00e1tott rendelkez\u00e9s\u00fcnkre. Ugyancsak k\u00e9rheti a szem\u00e9lyes adatok t\u00f6rl\u00e9s\u00e9t. Ez azonban nem vonatkozik azokra az adatokra, amelyeket adminisztrat\u00edv, jogi vagy biztons\u00e1gi okokb\u00f3l k\u00f6telesek vagyunk meg\u0151rizni.   <\/p>\n\n<h2 class=\"wp-block-heading\">Hov\u00e1 ker\u00fclnek az adatai<\/h2>\n\n<p><strong class=\"privacy-policy-tutorial\">Javasolt sz\u00f6veg: <\/strong>A l\u00e1togat\u00f3i hozz\u00e1sz\u00f3l\u00e1sokat automatiz\u00e1lt spamfelismer\u0151 szolg\u00e1ltat\u00e1s ellen\u0151rizheti.<\/p>","protected":false},"excerpt":{"rendered":"<p>Kik vagyunk Javasolt sz\u00f6veg: Weboldalunk c\u00edme: http:\/\/igorsimko.sk. Hozz\u00e1sz\u00f3l\u00e1sok Javasolt sz\u00f6veg: Amikor a webhely l\u00e1togat\u00f3i hozz\u00e1sz\u00f3l\u00e1st hagynak az oldalon, \u00f6sszegy\u0171jtj\u00fck a hozz\u00e1sz\u00f3l\u00e1si \u0171rlapon megjelen\u00edtett adatokat, tov\u00e1bb\u00e1&#8230;<\/p>","protected":false},"author":1,"featured_media":0,"parent":0,"menu_order":0,"comment_status":"closed","ping_status":"open","template":"","meta":{"footnotes":""},"class_list":["post-7288","page","type-page","status-publish"],"yoast_head":"<!-- This site is optimized with the Yoast SEO plugin v26.8 - https:\/\/yoast.com\/product\/yoast-seo-wordpress\/ -->\n<title>Adatv\u00e9delmi ir\u00e1nyelvek - www.igorsimko.sk<\/title>\n<meta name=\"robots\" content=\"index, follow, max-snippet:-1, max-image-preview:large, max-video-preview:-1\" \/>\n<link rel=\"canonical\" href=\"\/hu\/https:\/\/igorsimko.sk\/hu\/adatvedelmi-iranyelvek\/\/\" \/>\n<meta property=\"og:locale\" content=\"sk_SK\" \/>\n<meta property=\"og:type\" content=\"article\" \/>\n<meta property=\"og:title\" content=\"Adatv\u00e9delmi ir\u00e1nyelvek - www.igorsimko.sk\" \/>\n<meta property=\"og:description\" content=\"Kik vagyunk Javasolt sz\u00f6veg: Weboldalunk c\u00edme: http:\/\/igorsimko.sk. Hozz\u00e1sz\u00f3l\u00e1sok Javasolt sz\u00f6veg: Amikor a webhely l\u00e1togat\u00f3i hozz\u00e1sz\u00f3l\u00e1st hagynak az oldalon, \u00f6sszegy\u0171jtj\u00fck a hozz\u00e1sz\u00f3l\u00e1si \u0171rlapon megjelen\u00edtett adatokat, tov\u00e1bb\u00e1...\" \/>\n<meta property=\"og:url\" content=\"\/hu\/https:\/\/igorsimko.sk\/hu\/adatvedelmi-iranyelvek\/?lang=hu\/\" \/>\n<meta property=\"og:site_name\" content=\"www.igorsimko.sk\" \/>\n<meta property=\"article:modified_time\" content=\"2026-03-24T13:41:48+00:00\" \/>\n<meta property=\"og:image\" content=\"https:\/\/igorsimko.sk\/wp-content\/uploads\/2025\/12\/IS_Foto_red-31-scaled.jpg\" \/>\n\t<meta property=\"og:image:width\" content=\"2560\" \/>\n\t<meta property=\"og:image:height\" content=\"1707\" \/>\n\t<meta property=\"og:image:type\" content=\"image\/jpeg\" \/>\n<meta name=\"twitter:card\" content=\"summary_large_image\" \/>\n<meta name=\"twitter:label1\" content=\"Predpokladan\u00fd \u010das \u010d\u00edtania\" \/>\n\t<meta name=\"twitter:data1\" content=\"4 min\u00faty\" \/>\n<script type=\"application\/ld+json\" class=\"yoast-schema-graph\">{\"@context\":\"https:\/\/schema.org\",\"@graph\":[{\"@type\":\"WebPage\",\"@id\":\"https:\/\/igorsimko.sk\/hu\/adatvedelmi-iranyelvek\/?lang=hu\",\"url\":\"https:\/\/igorsimko.sk\/hu\/adatvedelmi-iranyelvek\/?lang=hu\",\"name\":\"Adatv\u00e9delmi ir\u00e1nyelvek - www.igorsimko.sk\",\"isPartOf\":{\"@id\":\"https:\/\/igorsimko.sk\/#website\"},\"datePublished\":\"2026-03-20T12:26:23+00:00\",\"dateModified\":\"2026-03-24T13:41:48+00:00\",\"breadcrumb\":{\"@id\":\"https:\/\/igorsimko.sk\/hu\/adatvedelmi-iranyelvek\/?lang=hu#breadcrumb\"},\"inLanguage\":\"sk-SK\",\"potentialAction\":[{\"@type\":\"ReadAction\",\"target\":[\"https:\/\/igorsimko.sk\/hu\/adatvedelmi-iranyelvek\/?lang=hu\"]}]},{\"@type\":\"BreadcrumbList\",\"@id\":\"https:\/\/igorsimko.sk\/hu\/adatvedelmi-iranyelvek\/?lang=hu#breadcrumb\",\"itemListElement\":[{\"@type\":\"ListItem\",\"position\":1,\"name\":\"Domovsk\u00e1 str\u00e1nka\",\"item\":\"https:\/\/igorsimko.sk\/\"},{\"@type\":\"ListItem\",\"position\":2,\"name\":\"Adatv\u00e9delmi ir\u00e1nyelvek\"}]},{\"@type\":\"WebSite\",\"@id\":\"https:\/\/igorsimko.sk\/#website\",\"url\":\"https:\/\/igorsimko.sk\/\",\"name\":\"www.igorsimko.sk\",\"description\":\"\",\"publisher\":{\"@id\":\"https:\/\/igorsimko.sk\/#\/schema\/person\/356ef4c752e749ac28f30b31a94ae95d\"},\"potentialAction\":[{\"@type\":\"SearchAction\",\"target\":{\"@type\":\"EntryPoint\",\"urlTemplate\":\"https:\/\/igorsimko.sk\/?s={search_term_string}\"},\"query-input\":{\"@type\":\"PropertyValueSpecification\",\"valueRequired\":true,\"valueName\":\"search_term_string\"}}],\"inLanguage\":\"sk-SK\"},{\"@type\":[\"Person\",\"Organization\"],\"@id\":\"https:\/\/igorsimko.sk\/#\/schema\/person\/356ef4c752e749ac28f30b31a94ae95d\",\"name\":\"Igor \u0160imko\",\"image\":{\"@type\":\"ImageObject\",\"inLanguage\":\"sk-SK\",\"@id\":\"https:\/\/igorsimko.sk\/#\/schema\/person\/image\/\",\"url\":\"http:\/\/igorsimko.sk\/wp-content\/uploads\/2026\/01\/logo-s-ramom-scaled.png\",\"contentUrl\":\"http:\/\/igorsimko.sk\/wp-content\/uploads\/2026\/01\/logo-s-ramom-scaled.png\",\"width\":2560,\"height\":2560,\"caption\":\"Igor \u0160imko\"},\"logo\":{\"@id\":\"https:\/\/igorsimko.sk\/#\/schema\/person\/image\/\"},\"sameAs\":[\"http:\/\/igorsimko.sk\"]}]}<\/script>\n<!-- \/ Yoast SEO plugin. -->","yoast_head_json":{"title":"Adatv\u00e9delmi ir\u00e1nyelvek - www.igorsimko.sk","robots":{"index":"index","follow":"follow","max-snippet":"max-snippet:-1","max-image-preview":"max-image-preview:large","max-video-preview":"max-video-preview:-1"},"canonical":"\/hu\/https:\/\/igorsimko.sk\/hu\/adatvedelmi-iranyelvek\/\/","og_locale":"sk_SK","og_type":"article","og_title":"Adatv\u00e9delmi ir\u00e1nyelvek - www.igorsimko.sk","og_description":"Kik vagyunk Javasolt sz\u00f6veg: Weboldalunk c\u00edme: http:\/\/igorsimko.sk. Hozz\u00e1sz\u00f3l\u00e1sok Javasolt sz\u00f6veg: Amikor a webhely l\u00e1togat\u00f3i hozz\u00e1sz\u00f3l\u00e1st hagynak az oldalon, \u00f6sszegy\u0171jtj\u00fck a hozz\u00e1sz\u00f3l\u00e1si \u0171rlapon megjelen\u00edtett adatokat, tov\u00e1bb\u00e1...","og_url":"\/hu\/https:\/\/igorsimko.sk\/hu\/adatvedelmi-iranyelvek\/?lang=hu\/","og_site_name":"www.igorsimko.sk","article_modified_time":"2026-03-24T13:41:48+00:00","og_image":[{"width":2560,"height":1707,"url":"https:\/\/igorsimko.sk\/wp-content\/uploads\/2025\/12\/IS_Foto_red-31-scaled.jpg","type":"image\/jpeg"}],"twitter_card":"summary_large_image","twitter_misc":{"Predpokladan\u00fd \u010das \u010d\u00edtania":"4 min\u00faty"},"schema":{"@context":"https:\/\/schema.org","@graph":[{"@type":"WebPage","@id":"https:\/\/igorsimko.sk\/hu\/adatvedelmi-iranyelvek\/?lang=hu","url":"https:\/\/igorsimko.sk\/hu\/adatvedelmi-iranyelvek\/?lang=hu","name":"Adatv\u00e9delmi ir\u00e1nyelvek - www.igorsimko.sk","isPartOf":{"@id":"https:\/\/igorsimko.sk\/#website"},"datePublished":"2026-03-20T12:26:23+00:00","dateModified":"2026-03-24T13:41:48+00:00","breadcrumb":{"@id":"https:\/\/igorsimko.sk\/hu\/adatvedelmi-iranyelvek\/?lang=hu#breadcrumb"},"inLanguage":"sk-SK","potentialAction":[{"@type":"ReadAction","target":["https:\/\/igorsimko.sk\/hu\/adatvedelmi-iranyelvek\/?lang=hu"]}]},{"@type":"BreadcrumbList","@id":"https:\/\/igorsimko.sk\/hu\/adatvedelmi-iranyelvek\/?lang=hu#breadcrumb","itemListElement":[{"@type":"ListItem","position":1,"name":"Domovsk\u00e1 str\u00e1nka","item":"https:\/\/igorsimko.sk\/"},{"@type":"ListItem","position":2,"name":"Adatv\u00e9delmi ir\u00e1nyelvek"}]},{"@type":"WebSite","@id":"https:\/\/igorsimko.sk\/#website","url":"https:\/\/igorsimko.sk\/","name":"www.igorsimko.sk","description":"","publisher":{"@id":"https:\/\/igorsimko.sk\/#\/schema\/person\/356ef4c752e749ac28f30b31a94ae95d"},"potentialAction":[{"@type":"SearchAction","target":{"@type":"EntryPoint","urlTemplate":"https:\/\/igorsimko.sk\/?s={search_term_string}"},"query-input":{"@type":"PropertyValueSpecification","valueRequired":true,"valueName":"search_term_string"}}],"inLanguage":"sk-SK"},{"@type":["Person","Organization"],"@id":"https:\/\/igorsimko.sk\/#\/schema\/person\/356ef4c752e749ac28f30b31a94ae95d","name":"Igor \u0160imko","image":{"@type":"ImageObject","inLanguage":"sk-SK","@id":"https:\/\/igorsimko.sk\/#\/schema\/person\/image\/","url":"http:\/\/igorsimko.sk\/wp-content\/uploads\/2026\/01\/logo-s-ramom-scaled.png","contentUrl":"http:\/\/igorsimko.sk\/wp-content\/uploads\/2026\/01\/logo-s-ramom-scaled.png","width":2560,"height":2560,"caption":"Igor \u0160imko"},"logo":{"@id":"https:\/\/igorsimko.sk\/#\/schema\/person\/image\/"},"sameAs":["http:\/\/igorsimko.sk"]}]}},"_links":{"self":[{"href":"https:\/\/igorsimko.sk\/hu\/wp-json\/wp\/v2\/pages\/7288","targetHints":{"allow":["GET"]}}],"collection":[{"href":"https:\/\/igorsimko.sk\/hu\/wp-json\/wp\/v2\/pages"}],"about":[{"href":"https:\/\/igorsimko.sk\/hu\/wp-json\/wp\/v2\/types\/page"}],"author":[{"embeddable":true,"href":"https:\/\/igorsimko.sk\/hu\/wp-json\/wp\/v2\/users\/1"}],"replies":[{"embeddable":true,"href":"https:\/\/igorsimko.sk\/hu\/wp-json\/wp\/v2\/comments?post=7288"}],"version-history":[{"count":4,"href":"https:\/\/igorsimko.sk\/hu\/wp-json\/wp\/v2\/pages\/7288\/revisions"}],"predecessor-version":[{"id":7417,"href":"https:\/\/igorsimko.sk\/hu\/wp-json\/wp\/v2\/pages\/7288\/revisions\/7417"}],"wp:attachment":[{"href":"https:\/\/igorsimko.sk\/hu\/wp-json\/wp\/v2\/media?parent=7288"}],"curies":[{"name":"wp","href":"https:\/\/api.w.org\/{rel}","templated":true}]}}